{"id":23185,"date":"2021-03-19T21:44:41","date_gmt":"2021-03-19T21:44:41","guid":{"rendered":"https:\/\/www.footprintnetwork.org\/?page_id=23185"},"modified":"2022-12-17T08:37:41","modified_gmt":"2022-12-17T15:37:41","slug":"cscp","status":"publish","type":"page","link":"https:\/\/www.footprintnetwork.org\/de\/cscp\/","title":{"rendered":"We #MoveTheDate"},"content":{"rendered":"<h3 style=\"text-align: center;\"><strong>Lokale Antworten f\u00fcr das gute Leben<\/strong><\/h3>\n<p style=\"text-align: left;\"><img loading=\"lazy\" decoding=\"async\" class=\"alignnone wp-image-23213\" src=\"https:\/\/www.footprintnetwork.org\/content\/uploads\/2021\/03\/CSCP_Logo_RGB-1-300x204.png\" alt=\"\" width=\"118\" height=\"80\" srcset=\"https:\/\/www.footprintnetwork.org\/content\/uploads\/2021\/03\/CSCP_Logo_RGB-1-300x204.png 300w, https:\/\/www.footprintnetwork.org\/content\/uploads\/2021\/03\/CSCP_Logo_RGB-1.png 321w\" sizes=\"auto, (max-width: 118px) 100vw, 118px\" \/><img loading=\"lazy\" decoding=\"async\" class=\"alignright wp-image-12467\" src=\"https:\/\/www.footprintnetwork.org\/content\/uploads\/2018\/08\/logo-blue-300x98.png\" alt=\"\" width=\"231\" height=\"75\" srcset=\"https:\/\/www.footprintnetwork.org\/content\/uploads\/2018\/08\/logo-blue-300x98.png 300w, https:\/\/www.footprintnetwork.org\/content\/uploads\/2018\/08\/logo-blue.png 600w\" sizes=\"auto, (max-width: 231px) 100vw, 231px\" \/><\/p>\n<p>Die Zukunft liegt in unseren H\u00e4nden. Doch welche Zukunft wollen wir? Und wie gestalten wir sie?\u00a0 Wir wissen alle, dass die Menschheit die Ressourcen unserer Erde weit \u00fcbernutzt. Das ist unser Kontext. Wie bauen wir uns dann eine Zukunft, die funktioniert? Durch sektor\u00fcbergreifende Zusammenarbeit k\u00f6nnen wir unser Schicksal selbst in die Hand nehmen und L\u00f6sungen f\u00fcr die Zukunft entwickeln, die wir uns w\u00fcnschen<\/p>\n<p>Das Ziel dieses Projekts ist es, verschiedene Gesellschaftsgruppen dazu zu bringen, Meister ihrer eigenen Zukunft zu werden. Das Projekt will die Kreativit\u00e4t und F\u00e4higkeit st\u00e4dtischer Akteure unterst\u00fctzen, so dass sie L\u00f6sungen finden, die dann auch den <a href=\"http:\/\/www.overshootday.org\/\">Earth Overshoot Day<\/a> auf einen sp\u00e4teren Tag verschieben (#MoveTheDate). Der Earth Overshoot Day (auch Erd\u00fcberlastungstag genannt) markiert den Tag im Jahr, an dem der materielle Bedarf der Menschheit das \u00fcbersteigt, was die Erde im gesamten Jahr erneuern kann. Unser Projekt soll klar machen, dass die Transformation nicht blo\u00df eine noble Tat sei, sondern dass sie f\u00fcr unser Leben notwendig ist. Teilnahme an der Nachhaltigkeitstransformation ist essentiell und von <strong>direktem Nutzen f\u00fcr die Teilnehmer*innen<\/strong>.<\/p>\n<p>Das <a href=\"https:\/\/www.scp-centre.org\/\">Collaborating Centre on Sustainable Consumption (CSCP)<\/a> and Production und <a href=\"https:\/\/www.footprintnetwork.org\/\">Global Footprint Network<\/a> wollen im Pilotprojekt \u201e<strong>We #MoveTheDate \u2013 Lokale Antworten f\u00fcr das gute Leben<\/strong>\u201c gemeinsam mit Akteuren auf der lokalen Ebene herausfinden, was geschehen muss, damit B\u00fcrger*innen und Entscheidungstr\u00e4ger*innen zu einem integralen Bestandteil der Nachhaltigkeitstransformation werden. Ihr aktives Engagement und ihre individuellen Handlungen sollen als notwendig f\u00fcr das eigene Wohlbefinden erkannt werden. Beteiligung an der Transformation wird zur Identit\u00e4t; sie wird nicht erreicht durch Scham, B\u00fcrde oder Pflichtgef\u00fchl. Daher zielt dieses Pilotprojekt darauf ab, B\u00fcrger*innen und Entscheidungstr\u00e4ger*innen in St\u00e4dten einzubinden und deren Wahrnehmung dahingehend zu ver\u00e4ndern, dass sie <strong>aktive Teilnehmer*innen und nicht nur Beobachter*innen der Transformation sind<\/strong>. Durch diesen Wahrnehmungswandel k\u00f6nnen wir gemeinsam die lokalen (und damit auch die globalen) Risiken einer Welt mit massiver \u00dcbernutzung der Ressourcen sinnvoll angehen.<\/p>\n<p>Dieses Ziel wird \u00fcber <strong>zwei Wege <\/strong>erreicht:<\/p>\n<p>Zum einen basiert das Projekt auf einem <strong>Beteiligungsprozess<\/strong><strong> f\u00fcr Aktivit\u00e4ten zum Klimaschutz<\/strong> mit ausgew\u00e4hlten zivilgesellschaftlichen Organisationen in zwei St\u00e4dten in Nordrhein-Westfalen. In einem Dialog bindet das Projekt lokale Gruppen in Themen ein, f\u00fcr die sie sich begeistern. In dem Beteiligungsprozess werden m\u00f6gliche Katalysatoren und Hindernisse f\u00fcr eine Nachhaltigkeitstransformation innerhalb der Themenfelder identifiziert. Dar\u00fcber hinaus k\u00f6nnen B\u00fcrger*innen in einem Ideenwettbewerb ihre kreativsten Visionen f\u00fcr ihre Stadt teilen. Die Erkenntnisse aus dem Beteiligungsprozess werden mit den <strong>Stadtverwaltungen <\/strong>geteilt und M\u00f6glichkeiten identifiziert, diese mit der Agenda der St\u00e4dte in Einklang zu bringen. Auf diese Weise wird eine fruchtbare Zusammenarbeit zwischen B\u00fcrgern und Stadtadministrationen erm\u00f6glicht. Das tr\u00e4gt zu #MoveTheDate bei.<\/p>\n<p>Zum anderen entwickelt und kommuniziert das Projekt eine neue, erbauende Storyline f\u00fcr Klimaaktionen, um den <strong>Earth Overshoot Day <\/strong>(und den Deutschen Overshoot Day) wirkungsvoller zu gestalten. F\u00fcr diese Kampagne werden wir <strong>St\u00e4dte<\/strong> in den Vordergrund stellen. Aufbauend auf den Erkenntnissen der St\u00e4dte und der B\u00fcrgerinitiativen wird Klimahandeln als existenziell notwendig positioniert, f\u00fcr Einzelpersonen, St\u00e4dte und L\u00e4nder. Dabei zeigen wir die M\u00f6glichkeiten f\u00fcr alle auf, ihre Zukunft so zu gestalten und zu w\u00e4hlen, dass sie ihnen am besten dient. Wir konzentrieren uns auf St\u00e4dte, und zeigen, wie radikal sie das Datum des Earth Overshoot Days verschieben k\u00f6nnen (#MoveTheDate).<\/p>\n<p><strong>Partnerorganisationen:<\/strong><strong><br \/>\n<\/strong><a href=\"https:\/\/www.scp-centre.org\/\" target=\"_blank\" rel=\"noopener\"><img loading=\"lazy\" decoding=\"async\" class=\"alignnone wp-image-23213\" src=\"https:\/\/www.footprintnetwork.org\/content\/uploads\/2021\/03\/CSCP_Logo_RGB-1-300x204.png\" alt=\"\" width=\"118\" height=\"80\" srcset=\"https:\/\/www.footprintnetwork.org\/content\/uploads\/2021\/03\/CSCP_Logo_RGB-1-300x204.png 300w, https:\/\/www.footprintnetwork.org\/content\/uploads\/2021\/03\/CSCP_Logo_RGB-1.png 321w\" sizes=\"auto, (max-width: 118px) 100vw, 118px\" \/><\/a>\u00a0 \u00a0<a href=\"https:\/\/www.footprintnetwork.org\/\"><img loading=\"lazy\" decoding=\"async\" class=\"alignnone wp-image-12467\" src=\"https:\/\/www.footprintnetwork.org\/content\/uploads\/2018\/08\/logo-blue-300x98.png\" alt=\"\" width=\"231\" height=\"75\" srcset=\"https:\/\/www.footprintnetwork.org\/content\/uploads\/2018\/08\/logo-blue-300x98.png 300w, https:\/\/www.footprintnetwork.org\/content\/uploads\/2018\/08\/logo-blue.png 600w\" sizes=\"auto, (max-width: 231px) 100vw, 231px\" \/><\/a><\/p>\n<p><strong>F\u00f6rderer:<\/strong><br \/>\n<a href=\"https:\/\/www.stiftung-mercator.de\/de\/\" target=\"_blank\" rel=\"noopener\"><img loading=\"lazy\" decoding=\"async\" class=\"wp-image-23198 alignleft\" src=\"https:\/\/www.footprintnetwork.org\/content\/uploads\/2021\/03\/stiftung_mercator_logo_100-300x81.png\" alt=\"\" width=\"221\" height=\"60\" srcset=\"https:\/\/www.footprintnetwork.org\/content\/uploads\/2021\/03\/stiftung_mercator_logo_100-300x81.png 300w, https:\/\/www.footprintnetwork.org\/content\/uploads\/2021\/03\/stiftung_mercator_logo_100.png 369w\" sizes=\"auto, (max-width: 221px) 100vw, 221px\" \/><\/a><\/p>\n<p>&nbsp;<\/p>\n<p><strong><br \/>\nKontakt Personen:<br \/>\n<\/strong><em>CSCP<br \/>\nAlexandra Kessler<br \/>\nalexandra.kessler (at) scp-centre.org<\/em><\/p>\n<p><em>Global Footprint Network<br \/>\nMichelle Shaffer<br \/>\nmichelle.shaffer (at) footprintnetwork.org<\/em><\/p>\n<p><strong>Relevante Links:<br \/>\n<\/strong><a href=\"http:\/\/www.footprintcalculator.org\/de\">Pers\u00f6nlicher Footprint Rechner<\/a><br \/>\n<a href=\"https:\/\/www.overshootday.org\/solutions\/cities\/\">L\u00f6sungen f\u00fcr St\u00e4dte (Englisch)<\/a><br \/>\n<a href=\"https:\/\/movethedate.overshootday.org\">MoveTheDate Karte (Englisch)<\/a><\/p>\n<p><strong><span style=\"color: #ff6c2c;\">For English Version, <a style=\"color: #ff6c2c;\" href=\"https:\/\/www.footprintnetwork.org\/we-movethedate-local-solutions-for-a-good-life\/\">click here<\/a>.<\/span><\/strong><\/p>\n<p>&nbsp;<\/p>\n","protected":false},"excerpt":{"rendered":"<p>Lokale Antworten f\u00fcr das gute Leben Die Zukunft liegt in unseren H\u00e4nden. Doch welche Zukunft wollen wir? Und wie gestalten wir sie?\u00a0 Wir wissen alle, dass die Menschheit die Ressourcen unserer Erde weit \u00fcbernutzt. Das ist unser Kontext. Wie bauen wir uns dann eine Zukunft, die funktioniert? Durch sektor\u00fcbergreifende Zusammenarbeit k\u00f6nnen wir unser Schicksal selbst [&hellip;]<\/p>\n","protected":false},"author":10,"featured_media":0,"parent":0,"menu_order":0,"comment_status":"closed","ping_status":"closed","template":"stacked-template","meta":{"_acf_changed":false},"class_list":["post-23185","page","type-page","status-publish","hentry"],"acf":[],"yoast_head":"<!-- This site is optimized with the Yoast SEO plugin v26.7 - https:\/\/yoast.com\/wordpress\/plugins\/seo\/ -->\n<title>We #MoveTheDate - Global Footprint Network<\/title>\n<meta name=\"description\" content=\"Unser Projekt soll klar machen, dass die Transformation nicht blo\u00df eine noble Tat sei, sondern dass sie f\u00fcr unser Leben notwendig ist.\" \/>\n<meta name=\"robots\" content=\"index, follow, max-snippet:-1, max-image-preview:large, max-video-preview:-1\" \/>\n<link rel=\"canonical\" href=\"https:\/\/www.footprintnetwork.org\/de\/cscp\/\" \/>\n<meta property=\"og:locale\" content=\"de_DE\" \/>\n<meta property=\"og:type\" content=\"article\" \/>\n<meta property=\"og:title\" content=\"We #MoveTheDate - Global Footprint Network\" \/>\n<meta property=\"og:description\" content=\"Unser Projekt soll klar machen, dass die Transformation nicht blo\u00df eine noble Tat sei, sondern dass sie f\u00fcr unser Leben notwendig ist.\" \/>\n<meta property=\"og:url\" content=\"https:\/\/www.footprintnetwork.org\/de\/cscp\/\" \/>\n<meta property=\"og:site_name\" content=\"Global Footprint Network\" \/>\n<meta property=\"article:modified_time\" content=\"2022-12-17T15:37:41+00:00\" \/>\n<meta property=\"og:image\" content=\"https:\/\/www.footprintnetwork.org\/content\/uploads\/2021\/03\/CSCP_Logo_RGB-1-300x204.png\" \/>\n<meta name=\"twitter:card\" content=\"summary_large_image\" \/>\n<meta name=\"twitter:label1\" content=\"Est. reading time\" \/>\n\t<meta name=\"twitter:data1\" content=\"4 minutes\" \/>\n<script type=\"application\/ld+json\" class=\"yoast-schema-graph\">{\"@context\":\"https:\/\/schema.org\",\"@graph\":[{\"@type\":\"WebPage\",\"@id\":\"https:\/\/www.footprintnetwork.org\/de\/cscp\/\",\"url\":\"https:\/\/www.footprintnetwork.org\/de\/cscp\/\",\"name\":\"We #MoveTheDate - Global Footprint Network\",\"isPartOf\":{\"@id\":\"https:\/\/www.footprintnetwork.org\/#website\"},\"primaryImageOfPage\":{\"@id\":\"https:\/\/www.footprintnetwork.org\/de\/cscp\/#primaryimage\"},\"image\":{\"@id\":\"https:\/\/www.footprintnetwork.org\/de\/cscp\/#primaryimage\"},\"thumbnailUrl\":\"https:\/\/www.footprintnetwork.org\/content\/uploads\/2021\/03\/CSCP_Logo_RGB-1-300x204.png\",\"datePublished\":\"2021-03-19T21:44:41+00:00\",\"dateModified\":\"2022-12-17T15:37:41+00:00\",\"description\":\"Unser Projekt soll klar machen, dass die Transformation nicht blo\u00df eine noble Tat sei, sondern dass sie f\u00fcr unser Leben notwendig ist.\",\"breadcrumb\":{\"@id\":\"https:\/\/www.footprintnetwork.org\/de\/cscp\/#breadcrumb\"},\"inLanguage\":\"de-DE\",\"potentialAction\":[{\"@type\":\"ReadAction\",\"target\":[\"https:\/\/www.footprintnetwork.org\/de\/cscp\/\"]}]},{\"@type\":\"ImageObject\",\"inLanguage\":\"de-DE\",\"@id\":\"https:\/\/www.footprintnetwork.org\/de\/cscp\/#primaryimage\",\"url\":\"https:\/\/www.footprintnetwork.org\/content\/uploads\/2021\/03\/CSCP_Logo_RGB-1-300x204.png\",\"contentUrl\":\"https:\/\/www.footprintnetwork.org\/content\/uploads\/2021\/03\/CSCP_Logo_RGB-1-300x204.png\"},{\"@type\":\"BreadcrumbList\",\"@id\":\"https:\/\/www.footprintnetwork.org\/de\/cscp\/#breadcrumb\",\"itemListElement\":[{\"@type\":\"ListItem\",\"position\":1,\"name\":\"Home\",\"item\":\"https:\/\/www.footprintnetwork.org\/\"},{\"@type\":\"ListItem\",\"position\":2,\"name\":\"We #MoveTheDate\"}]},{\"@type\":\"WebSite\",\"@id\":\"https:\/\/www.footprintnetwork.org\/#website\",\"url\":\"https:\/\/www.footprintnetwork.org\/\",\"name\":\"Global Footprint Network\",\"description\":\"\",\"publisher\":{\"@id\":\"https:\/\/www.footprintnetwork.org\/#organization\"},\"potentialAction\":[{\"@type\":\"SearchAction\",\"target\":{\"@type\":\"EntryPoint\",\"urlTemplate\":\"https:\/\/www.footprintnetwork.org\/?s={search_term_string}\"},\"query-input\":{\"@type\":\"PropertyValueSpecification\",\"valueRequired\":true,\"valueName\":\"search_term_string\"}}],\"inLanguage\":\"de-DE\"},{\"@type\":\"Organization\",\"@id\":\"https:\/\/www.footprintnetwork.org\/#organization\",\"name\":\"Global Footprint Network\",\"url\":\"https:\/\/www.footprintnetwork.org\/\",\"logo\":{\"@type\":\"ImageObject\",\"inLanguage\":\"de-DE\",\"@id\":\"https:\/\/www.footprintnetwork.org\/#\/schema\/logo\/image\/\",\"url\":\"https:\/\/www.footprintnetwork.org\/content\/uploads\/2021\/12\/gfn_logo_560x430.jpg\",\"contentUrl\":\"https:\/\/www.footprintnetwork.org\/content\/uploads\/2021\/12\/gfn_logo_560x430.jpg\",\"width\":560,\"height\":430,\"caption\":\"Global Footprint Network\"},\"image\":{\"@id\":\"https:\/\/www.footprintnetwork.org\/#\/schema\/logo\/image\/\"}}]}<\/script>\n<!-- \/ Yoast SEO plugin. -->","yoast_head_json":{"title":"We #MoveTheDate - Global Footprint Network","description":"Unser Projekt soll klar machen, dass die Transformation nicht blo\u00df eine noble Tat sei, sondern dass sie f\u00fcr unser Leben notwendig ist.","robots":{"index":"index","follow":"follow","max-snippet":"max-snippet:-1","max-image-preview":"max-image-preview:large","max-video-preview":"max-video-preview:-1"},"canonical":"https:\/\/www.footprintnetwork.org\/de\/cscp\/","og_locale":"de_DE","og_type":"article","og_title":"We #MoveTheDate - Global Footprint Network","og_description":"Unser Projekt soll klar machen, dass die Transformation nicht blo\u00df eine noble Tat sei, sondern dass sie f\u00fcr unser Leben notwendig ist.","og_url":"https:\/\/www.footprintnetwork.org\/de\/cscp\/","og_site_name":"Global Footprint Network","article_modified_time":"2022-12-17T15:37:41+00:00","og_image":[{"url":"https:\/\/www.footprintnetwork.org\/content\/uploads\/2021\/03\/CSCP_Logo_RGB-1-300x204.png","type":"","width":"","height":""}],"twitter_card":"summary_large_image","twitter_misc":{"Est. reading time":"4 minutes"},"schema":{"@context":"https:\/\/schema.org","@graph":[{"@type":"WebPage","@id":"https:\/\/www.footprintnetwork.org\/de\/cscp\/","url":"https:\/\/www.footprintnetwork.org\/de\/cscp\/","name":"We #MoveTheDate - Global Footprint Network","isPartOf":{"@id":"https:\/\/www.footprintnetwork.org\/#website"},"primaryImageOfPage":{"@id":"https:\/\/www.footprintnetwork.org\/de\/cscp\/#primaryimage"},"image":{"@id":"https:\/\/www.footprintnetwork.org\/de\/cscp\/#primaryimage"},"thumbnailUrl":"https:\/\/www.footprintnetwork.org\/content\/uploads\/2021\/03\/CSCP_Logo_RGB-1-300x204.png","datePublished":"2021-03-19T21:44:41+00:00","dateModified":"2022-12-17T15:37:41+00:00","description":"Unser Projekt soll klar machen, dass die Transformation nicht blo\u00df eine noble Tat sei, sondern dass sie f\u00fcr unser Leben notwendig ist.","breadcrumb":{"@id":"https:\/\/www.footprintnetwork.org\/de\/cscp\/#breadcrumb"},"inLanguage":"de-DE","potentialAction":[{"@type":"ReadAction","target":["https:\/\/www.footprintnetwork.org\/de\/cscp\/"]}]},{"@type":"ImageObject","inLanguage":"de-DE","@id":"https:\/\/www.footprintnetwork.org\/de\/cscp\/#primaryimage","url":"https:\/\/www.footprintnetwork.org\/content\/uploads\/2021\/03\/CSCP_Logo_RGB-1-300x204.png","contentUrl":"https:\/\/www.footprintnetwork.org\/content\/uploads\/2021\/03\/CSCP_Logo_RGB-1-300x204.png"},{"@type":"BreadcrumbList","@id":"https:\/\/www.footprintnetwork.org\/de\/cscp\/#breadcrumb","itemListElement":[{"@type":"ListItem","position":1,"name":"Home","item":"https:\/\/www.footprintnetwork.org\/"},{"@type":"ListItem","position":2,"name":"We #MoveTheDate"}]},{"@type":"WebSite","@id":"https:\/\/www.footprintnetwork.org\/#website","url":"https:\/\/www.footprintnetwork.org\/","name":"Global Footprint Network","description":"","publisher":{"@id":"https:\/\/www.footprintnetwork.org\/#organization"},"potentialAction":[{"@type":"SearchAction","target":{"@type":"EntryPoint","urlTemplate":"https:\/\/www.footprintnetwork.org\/?s={search_term_string}"},"query-input":{"@type":"PropertyValueSpecification","valueRequired":true,"valueName":"search_term_string"}}],"inLanguage":"de-DE"},{"@type":"Organization","@id":"https:\/\/www.footprintnetwork.org\/#organization","name":"Global Footprint Network","url":"https:\/\/www.footprintnetwork.org\/","logo":{"@type":"ImageObject","inLanguage":"de-DE","@id":"https:\/\/www.footprintnetwork.org\/#\/schema\/logo\/image\/","url":"https:\/\/www.footprintnetwork.org\/content\/uploads\/2021\/12\/gfn_logo_560x430.jpg","contentUrl":"https:\/\/www.footprintnetwork.org\/content\/uploads\/2021\/12\/gfn_logo_560x430.jpg","width":560,"height":430,"caption":"Global Footprint Network"},"image":{"@id":"https:\/\/www.footprintnetwork.org\/#\/schema\/logo\/image\/"}}]}},"_links":{"self":[{"href":"https:\/\/www.footprintnetwork.org\/de\/wp-json\/wp\/v2\/pages\/23185","targetHints":{"allow":["GET"]}}],"collection":[{"href":"https:\/\/www.footprintnetwork.org\/de\/wp-json\/wp\/v2\/pages"}],"about":[{"href":"https:\/\/www.footprintnetwork.org\/de\/wp-json\/wp\/v2\/types\/page"}],"author":[{"embeddable":true,"href":"https:\/\/www.footprintnetwork.org\/de\/wp-json\/wp\/v2\/users\/10"}],"replies":[{"embeddable":true,"href":"https:\/\/www.footprintnetwork.org\/de\/wp-json\/wp\/v2\/comments?post=23185"}],"version-history":[{"count":0,"href":"https:\/\/www.footprintnetwork.org\/de\/wp-json\/wp\/v2\/pages\/23185\/revisions"}],"wp:attachment":[{"href":"https:\/\/www.footprintnetwork.org\/de\/wp-json\/wp\/v2\/media?parent=23185"}],"curies":[{"name":"wp","href":"https:\/\/api.w.org\/{rel}","templated":true}]}}